{"id":546,"date":"2025-05-13T17:44:26","date_gmt":"2025-05-13T20:44:26","guid":{"rendered":"https:\/\/leandro.leandrus.com.br\/?post_type=product&#038;p=546"},"modified":"2025-05-13T17:46:11","modified_gmt":"2025-05-13T20:46:11","slug":"canivete-tipo-suico-11-funcoes","status":"publish","type":"product","link":"https:\/\/leandro.leandrus.com.br\/index.php\/produto\/canivete-tipo-suico-11-funcoes\/","title":{"rendered":"Canivete Tipo Sui\u00e7o 11 Fun\u00e7\u00f5es"},"content":{"rendered":"","protected":false},"excerpt":{"rendered":"<p>L\u00e2mina de corte \/ Serrilha \/ Serra madeira \/ Mini tesoura \/ Abridor de latas \/ Abridor de garrafa \/ Chave phillips \/ Lamina de remo\u00e7\u00e3o e Limpeza \/ Lixa \/ Agulha de sutura \/ Saca rolhas<\/p>\n<p>Acompanha bainha em nylon.<\/p>\n<p>Tamanho total aproximado (CxL): 9,3 cm x 2,5 cm<\/p>\n<p>Peso aproximado (g): 101<\/p>\n","protected":false},"featured_media":547,"comment_status":"open","ping_status":"closed","template":"","meta":[],"product_cat":[45],"product_tag":[],"class_list":{"0":"post-546","1":"product","2":"type-product","3":"status-publish","4":"has-post-thumbnail","6":"product_cat-canivetes","8":"first","9":"instock","10":"sale","11":"shipping-taxable","12":"purchasable","13":"product-type-simple"},"_links":{"self":[{"href":"https:\/\/leandro.leandrus.com.br\/index.php\/wp-json\/wp\/v2\/product\/546","targetHints":{"allow":["GET"]}}],"collection":[{"href":"https:\/\/leandro.leandrus.com.br\/index.php\/wp-json\/wp\/v2\/product"}],"about":[{"href":"https:\/\/leandro.leandrus.com.br\/index.php\/wp-json\/wp\/v2\/types\/product"}],"replies":[{"embeddable":true,"href":"https:\/\/leandro.leandrus.com.br\/index.php\/wp-json\/wp\/v2\/comments?post=546"}],"wp:featuredmedia":[{"embeddable":true,"href":"https:\/\/leandro.leandrus.com.br\/index.php\/wp-json\/wp\/v2\/media\/547"}],"wp:attachment":[{"href":"https:\/\/leandro.leandrus.com.br\/index.php\/wp-json\/wp\/v2\/media?parent=546"}],"wp:term":[{"taxonomy":"product_cat","embeddable":true,"href":"https:\/\/leandro.leandrus.com.br\/index.php\/wp-json\/wp\/v2\/product_cat?post=546"},{"taxonomy":"product_tag","embeddable":true,"href":"https:\/\/leandro.leandrus.com.br\/index.php\/wp-json\/wp\/v2\/product_tag?post=546"}],"curies":[{"name":"wp","href":"https:\/\/api.w.org\/{rel}","templated":true}]}}