{"id":529,"date":"2025-05-13T16:47:25","date_gmt":"2025-05-13T19:47:25","guid":{"rendered":"https:\/\/leandro.leandrus.com.br\/?post_type=product&#038;p=529"},"modified":"2025-05-13T17:01:34","modified_gmt":"2025-05-13T20:01:34","slug":"lanterna-de-cabeca-3-dias-de-bateria","status":"publish","type":"product","link":"https:\/\/leandro.leandrus.com.br\/index.php\/produto\/lanterna-de-cabeca-3-dias-de-bateria\/","title":{"rendered":"Lanterna de Cabe\u00e7a 3 Dias de Bateria"},"content":{"rendered":"","protected":false},"excerpt":{"rendered":"<p>Bateria recarreg\u00e1vel<\/p>\n<p>Dura\u00e7\u00e3o da bateria (2 a 3 dias no modo m\u00e9dio)<\/p>\n<p>\u00c2ngulo ajust\u00e1vel<\/p>\n<p>Resistente \u00e0 \u00e1gua<\/p>\n","protected":false},"featured_media":533,"comment_status":"open","ping_status":"closed","template":"","meta":[],"product_cat":[44],"product_tag":[],"class_list":{"0":"post-529","1":"product","2":"type-product","3":"status-publish","4":"has-post-thumbnail","6":"product_cat-lanterna-de-cabeca","8":"first","9":"instock","10":"sale","11":"shipping-taxable","12":"purchasable","13":"product-type-simple"},"_links":{"self":[{"href":"https:\/\/leandro.leandrus.com.br\/index.php\/wp-json\/wp\/v2\/product\/529","targetHints":{"allow":["GET"]}}],"collection":[{"href":"https:\/\/leandro.leandrus.com.br\/index.php\/wp-json\/wp\/v2\/product"}],"about":[{"href":"https:\/\/leandro.leandrus.com.br\/index.php\/wp-json\/wp\/v2\/types\/product"}],"replies":[{"embeddable":true,"href":"https:\/\/leandro.leandrus.com.br\/index.php\/wp-json\/wp\/v2\/comments?post=529"}],"wp:featuredmedia":[{"embeddable":true,"href":"https:\/\/leandro.leandrus.com.br\/index.php\/wp-json\/wp\/v2\/media\/533"}],"wp:attachment":[{"href":"https:\/\/leandro.leandrus.com.br\/index.php\/wp-json\/wp\/v2\/media?parent=529"}],"wp:term":[{"taxonomy":"product_cat","embeddable":true,"href":"https:\/\/leandro.leandrus.com.br\/index.php\/wp-json\/wp\/v2\/product_cat?post=529"},{"taxonomy":"product_tag","embeddable":true,"href":"https:\/\/leandro.leandrus.com.br\/index.php\/wp-json\/wp\/v2\/product_tag?post=529"}],"curies":[{"name":"wp","href":"https:\/\/api.w.org\/{rel}","templated":true}]}}