{"id":504,"date":"2025-01-25T15:38:36","date_gmt":"2025-01-25T18:38:36","guid":{"rendered":"https:\/\/leandro.leandrus.com.br\/?post_type=product&#038;p=504"},"modified":"2025-10-13T04:34:07","modified_gmt":"2025-10-13T07:34:07","slug":"cobre-p-celular-neutraliza-radiacao-e-5g","status":"publish","type":"product","link":"https:\/\/leandro.leandrus.com.br\/index.php\/produto\/cobre-p-celular-neutraliza-radiacao-e-5g\/","title":{"rendered":"Cobre p\/ Celular (Neutraliza Radia\u00e7\u00e3o e 5G)"},"content":{"rendered":"<p>Diminui o cansa\u00e7o, dores no bra\u00e7o, dor de cabe\u00e7a, dor de dentes e efeitos relacionado \u00e0 radia\u00e7\u00e3o(principalmente a 5G que \u00e9 muito nociva).<\/p>\n<p>OBS: Colocar na parte de tr\u00e1s do celular, dentro da capinha.<\/p>\n","protected":false},"excerpt":{"rendered":"<p>Diminui o cansa\u00e7o, dores no bra\u00e7o, dor de cabe\u00e7a, dor de dentes e efeitos relacionado \u00e0 radia\u00e7\u00e3o(principalmente a 5G que \u00e9 muito nociva). OBS: Colocar na parte de tr\u00e1s do celular, dentro da capinha.<\/p>\n","protected":false},"featured_media":505,"comment_status":"open","ping_status":"closed","template":"","meta":[],"product_cat":[41],"product_tag":[],"class_list":{"0":"post-504","1":"product","2":"type-product","3":"status-publish","4":"has-post-thumbnail","6":"product_cat-cobre","8":"first","9":"instock","10":"sale","11":"shipping-taxable","12":"purchasable","13":"product-type-simple"},"_links":{"self":[{"href":"https:\/\/leandro.leandrus.com.br\/index.php\/wp-json\/wp\/v2\/product\/504","targetHints":{"allow":["GET"]}}],"collection":[{"href":"https:\/\/leandro.leandrus.com.br\/index.php\/wp-json\/wp\/v2\/product"}],"about":[{"href":"https:\/\/leandro.leandrus.com.br\/index.php\/wp-json\/wp\/v2\/types\/product"}],"replies":[{"embeddable":true,"href":"https:\/\/leandro.leandrus.com.br\/index.php\/wp-json\/wp\/v2\/comments?post=504"}],"wp:featuredmedia":[{"embeddable":true,"href":"https:\/\/leandro.leandrus.com.br\/index.php\/wp-json\/wp\/v2\/media\/505"}],"wp:attachment":[{"href":"https:\/\/leandro.leandrus.com.br\/index.php\/wp-json\/wp\/v2\/media?parent=504"}],"wp:term":[{"taxonomy":"product_cat","embeddable":true,"href":"https:\/\/leandro.leandrus.com.br\/index.php\/wp-json\/wp\/v2\/product_cat?post=504"},{"taxonomy":"product_tag","embeddable":true,"href":"https:\/\/leandro.leandrus.com.br\/index.php\/wp-json\/wp\/v2\/product_tag?post=504"}],"curies":[{"name":"wp","href":"https:\/\/api.w.org\/{rel}","templated":true}]}}