{"id":483,"date":"2025-01-17T16:54:50","date_gmt":"2025-01-17T19:54:50","guid":{"rendered":"https:\/\/leandro.leandrus.com.br\/?post_type=product&#038;p=483"},"modified":"2025-10-13T04:32:25","modified_gmt":"2025-10-13T07:32:25","slug":"bracelete-de-cobre-repele-frequencias-negativas-de-lugares-e-pessoas","status":"publish","type":"product","link":"https:\/\/leandro.leandrus.com.br\/index.php\/produto\/bracelete-de-cobre-repele-frequencias-negativas-de-lugares-e-pessoas\/","title":{"rendered":"Bracelete de Cobre (Neutraliza Radia\u00e7\u00e3o 5G e Frequ\u00eancias Negativas de Lugares, Pessoas e Roupas)"},"content":{"rendered":"<p><strong>BENEF\u00cdCIOS DO COBRE<\/strong><\/p>\n<p>-Anti-radia\u00e7\u00e3o 5G e outras.<\/p>\n<p>-REPELE frequ\u00eancias e ENERGIAS NEGATIVAS de lugares e pessoas.<\/p>\n<p>-RETARDA o ENVELHECIMENTO e combate a fadiga.<\/p>\n<p>-Acelerar o metabolismo faz DORMIR MELHOR e at\u00e9 EMAGRECER.<\/p>\n<p>-Equilibra as energias do corpo, promovendo uma sensa\u00e7\u00e3o de bem-estar.<\/p>\n<p>-Melhora a circula\u00e7\u00e3o sangu\u00ednea, oferecendo benef\u00edcios para a sa\u00fade cardiovascular e a oxigena\u00e7\u00e3o dos tecidos.<\/p>\n<p>-Propriedades anti-inflamat\u00f3rias, e alguns acreditam que o contato com a pele pode ajudar a reduzir a inflama\u00e7\u00e3o em \u00e1reas afetadas. Proporciona al\u00edvio e recupera\u00e7\u00e3o de dores associadas com artrite, pr\u00e1tica de golfe, t\u00fanel do carpo, LER, entorses, tendinite no punho e muito mais.<\/p>\n<p>-Esteriliza feridas (devido \u00e0s suas propriedades antibacterianas), promovendo a cura e regenera\u00e7\u00e3o de tecidos.<\/p>\n<p>-Fortale o sistema imunol\u00f3gico. Aumento da vitalidade e energia.<\/p>\n","protected":false},"excerpt":{"rendered":"<p>BENEF\u00cdCIOS DO COBRE -Anti-radia\u00e7\u00e3o 5G e outras. -REPELE frequ\u00eancias e ENERGIAS NEGATIVAS de lugares e pessoas. -RETARDA o ENVELHECIMENTO e combate a fadiga. -Acelerar o metabolismo faz DORMIR MELHOR e at\u00e9 EMAGRECER. -Equilibra as energias do corpo, promovendo uma sensa\u00e7\u00e3o de bem-estar. -Melhora a circula\u00e7\u00e3o sangu\u00ednea, oferecendo benef\u00edcios para a sa\u00fade cardiovascular e a oxigena\u00e7\u00e3o [&hellip;]<\/p>\n","protected":false},"featured_media":484,"comment_status":"open","ping_status":"closed","template":"","meta":[],"product_cat":[41],"product_tag":[],"class_list":{"0":"post-483","1":"product","2":"type-product","3":"status-publish","4":"has-post-thumbnail","6":"product_cat-cobre","8":"first","9":"instock","10":"sale","11":"shipping-taxable","12":"purchasable","13":"product-type-simple"},"_links":{"self":[{"href":"https:\/\/leandro.leandrus.com.br\/index.php\/wp-json\/wp\/v2\/product\/483","targetHints":{"allow":["GET"]}}],"collection":[{"href":"https:\/\/leandro.leandrus.com.br\/index.php\/wp-json\/wp\/v2\/product"}],"about":[{"href":"https:\/\/leandro.leandrus.com.br\/index.php\/wp-json\/wp\/v2\/types\/product"}],"replies":[{"embeddable":true,"href":"https:\/\/leandro.leandrus.com.br\/index.php\/wp-json\/wp\/v2\/comments?post=483"}],"wp:featuredmedia":[{"embeddable":true,"href":"https:\/\/leandro.leandrus.com.br\/index.php\/wp-json\/wp\/v2\/media\/484"}],"wp:attachment":[{"href":"https:\/\/leandro.leandrus.com.br\/index.php\/wp-json\/wp\/v2\/media?parent=483"}],"wp:term":[{"taxonomy":"product_cat","embeddable":true,"href":"https:\/\/leandro.leandrus.com.br\/index.php\/wp-json\/wp\/v2\/product_cat?post=483"},{"taxonomy":"product_tag","embeddable":true,"href":"https:\/\/leandro.leandrus.com.br\/index.php\/wp-json\/wp\/v2\/product_tag?post=483"}],"curies":[{"name":"wp","href":"https:\/\/api.w.org\/{rel}","templated":true}]}}