{"id":289,"date":"2024-01-20T18:52:15","date_gmt":"2024-01-20T21:52:15","guid":{"rendered":"https:\/\/leandro.leandrus.com.br\/?post_type=product&#038;p=289"},"modified":"2025-01-10T00:23:08","modified_gmt":"2025-01-10T03:23:08","slug":"plantas-comestiveis-pancs","status":"publish","type":"product","link":"https:\/\/leandro.leandrus.com.br\/index.php\/produto\/plantas-comestiveis-pancs\/","title":{"rendered":"Cat\u00e1logo de Plantas Comest\u00edveis (GRATUITO)"},"content":{"rendered":"<p>OBS: RECOMENDO IMPRIMIR ESTE CAT\u00c1LOGO PARA UM EVENTUAL APAG\u00c3O DE MESES OU CRISE MUNDIAL!!<\/p>\n<p>PLANTAS COMEST\u00cdVEIS (PANCS)<\/p>\n<ul>\n<li>Para sobreviv\u00eancia<\/li>\n<li>Facilmente encontradas no mato e em terrenos abandonados<\/li>\n<li>Cat\u00e1logo explicativo com fotos e formas de preparo<\/li>\n<\/ul>\n<p>&nbsp;<\/p>\n","protected":false},"excerpt":{"rendered":"<p><strong><a href=\"https:\/\/leandrus.com.br\/downloads\/catalogo_plantas_comestiveis.docx\">DOWNLOAD: https:\/\/leandrus.com.br\/downloads\/catalogo_plantas_comestiveis.docx<\/a><\/strong><\/p>\n<p>OBS: RECOMENDO IMPRIMIR ESTE CAT\u00c1LOGO PARA UM EVENTUAL APAG\u00c3O DE MESES OU CRISE MUNDIAL!!<\/p>\n<p>PLANTAS COMEST\u00cdVEIS (PANCS)<\/p>\n<ul>\n<li>Para sobreviv\u00eancia<\/li>\n<li>Facilmente encontradas no mato e em terrenos abandonados<\/li>\n<li>Cat\u00e1logo explicativo com fotos e formas de preparo<\/li>\n<\/ul>\n","protected":false},"featured_media":296,"comment_status":"open","ping_status":"closed","template":"","meta":[],"product_cat":[36],"product_tag":[],"class_list":{"0":"post-289","1":"product","2":"type-product","3":"status-publish","4":"has-post-thumbnail","6":"product_cat-sobrevivencia","8":"first","9":"instock","10":"downloadable","11":"virtual","12":"purchasable","13":"product-type-simple"},"_links":{"self":[{"href":"https:\/\/leandro.leandrus.com.br\/index.php\/wp-json\/wp\/v2\/product\/289","targetHints":{"allow":["GET"]}}],"collection":[{"href":"https:\/\/leandro.leandrus.com.br\/index.php\/wp-json\/wp\/v2\/product"}],"about":[{"href":"https:\/\/leandro.leandrus.com.br\/index.php\/wp-json\/wp\/v2\/types\/product"}],"replies":[{"embeddable":true,"href":"https:\/\/leandro.leandrus.com.br\/index.php\/wp-json\/wp\/v2\/comments?post=289"}],"wp:featuredmedia":[{"embeddable":true,"href":"https:\/\/leandro.leandrus.com.br\/index.php\/wp-json\/wp\/v2\/media\/296"}],"wp:attachment":[{"href":"https:\/\/leandro.leandrus.com.br\/index.php\/wp-json\/wp\/v2\/media?parent=289"}],"wp:term":[{"taxonomy":"product_cat","embeddable":true,"href":"https:\/\/leandro.leandrus.com.br\/index.php\/wp-json\/wp\/v2\/product_cat?post=289"},{"taxonomy":"product_tag","embeddable":true,"href":"https:\/\/leandro.leandrus.com.br\/index.php\/wp-json\/wp\/v2\/product_tag?post=289"}],"curies":[{"name":"wp","href":"https:\/\/api.w.org\/{rel}","templated":true}]}}