{"id":241,"date":"2024-01-18T02:57:24","date_gmt":"2024-01-18T05:57:24","guid":{"rendered":"https:\/\/leandro.leandrus.com.br\/?post_type=product&#038;p=241"},"modified":"2025-02-13T20:35:57","modified_gmt":"2025-02-13T23:35:57","slug":"spray-de-defesa","status":"publish","type":"product","link":"https:\/\/leandro.leandrus.com.br\/index.php\/produto\/spray-de-defesa\/","title":{"rendered":"Spray de Defesa de Gengibre"},"content":{"rendered":"<p><strong>SPRAY DE DEFESA DE GENGIBRE PARA USO PROFISSIONAL, CIVIL ou MILITAR<\/strong><br \/>\n\u00c9 100% ecol\u00f3gico e<strong> serve tamb\u00e9m em uma situa\u00e7\u00e3o de risco com algum animal<\/strong>, o Spray n\u00e3o deixar\u00e1 sequelas definitivas, pois ap\u00f3s 10 minutos o efeito \u00e9 totalmente revers\u00edvel.<\/p>\n<p><strong>PRODUTO 100% LEGALIZADO NO BRASIL<\/strong><br \/>\n<strong>LICENCIADO PELO EX\u00c9RCITO E PELA ANVISA<br \/>\nO MAIS EFICIENTE SPRAY DE DEFESA DE TODO O PA\u00cdS<br \/>\n<\/strong><\/p>\n<p>Efic\u00e1cia comprovada por membros da seguran\u00e7a, como Marcos do Val.<br \/>\nUtilizado por for\u00e7as policiais e de seguran\u00e7a de v\u00e1rias cidades no Brasil.<\/p>\n<p><strong>Caracter\u00edsticas:<\/strong><br \/>\n&#8211; R\u00e1pido e F\u00e1cil de Usar<br \/>\n&#8211; Gatilho de f\u00e1cil manuseio mesmo no escuro<br \/>\n&#8211; Alcance de 3 metros, proteja-se a dist\u00e2ncia!<br \/>\n&#8211; A\u00e7\u00e3o r\u00e1pida e Eficaz<br \/>\n&#8211; O agressor fica incapacitado por v\u00e1rios minutos lhe dando tempo para fugir ou chamar a pol\u00edcia<br \/>\n&#8211; Efeito imediato, N\u00e3o t\u00f3xico, n\u00e3o letal e sem efeitos colaterais permanentes<br \/>\n&#8211; Certificado pelo EX\u00c9RCITO BRASILEIRO como produto de uso livre<br \/>\n&#8211; Produto aut\u00eantico | Produzido no Brasil<\/p>\n<p><strong>Indicado para:<\/strong><br \/>\n&#8211; Homens \/ Mulheres \/ Jovens \/ Idosos<br \/>\n&#8211; Pessoas que trabalham ou estudam a noite (como Taxistas, Seguran\u00e7as, Motoristas, Comerciantes, Estudantes, etc)<br \/>\n&#8211; Cidad\u00e3os prevenidos e que prezam pela sua seguran\u00e7a e pela seguran\u00e7a de sua fam\u00edlia.<\/p>\n<p><strong>Informa\u00e7\u00f5es T\u00e9cnicas:<\/strong><br \/>\n&#8211; Forma propelente de spray (n\u00e9voa)<br \/>\n&#8211; Dist\u00e2ncia do jato: at\u00e9 3 metros<br \/>\n&#8211; 20 disparos de meio segundo<br \/>\n&#8211; Trava de seguran\u00e7a permanente para impedir disparos acidentais<br \/>\n&#8211; Ant\u00eddoto: \u00e1gua em abund\u00e2ncia no rosto<\/p>\n<p><strong>A\u00e7\u00e3o: Para dispers\u00e3o de agressores, atuando nos olhos e mucosas<\/strong><\/p>\n<p><strong>Uso: Aspergir no rosto do agressor atrav\u00e9s de compress\u00e3o no gatilho<\/strong><\/p>\n<p>Dimens\u00f5es do Produto:<br \/>\n&#8211; Altura total (cilindro + gatilho): 13,3cm<br \/>\n&#8211; Espessura: 3,5cm<br \/>\n&#8211; Altura do Gatilho: 4cm<br \/>\n&#8211; Comprimento do Gatilho: 5,2cm<\/p>\n<p>Validade: 05 anos.<\/p>\n","protected":false},"excerpt":{"rendered":"<p><strong>PARA USO PROFISSIONAL, CIVIL ou MILITAR<\/strong><br \/>\n<strong>Serve tamb\u00e9m contra algum ataque de animal<\/strong>, o spray n\u00e3o deixar\u00e1 sequelas.<\/p>\n<p><strong>PRODUTO 100% LEGALIZADO NO BRASIL<\/strong><\/p>\n<p>&#8211; Alcance de 3 metros!<br \/>\n<strong>&#8211; O agressor fica incapacitado por uns 15 minutos<\/strong><\/p>\n","protected":false},"featured_media":242,"comment_status":"open","ping_status":"closed","template":"","meta":[],"product_cat":[34],"product_tag":[],"class_list":{"0":"post-241","1":"product","2":"type-product","3":"status-publish","4":"has-post-thumbnail","6":"product_cat-spray-de-defesa","8":"first","9":"instock","10":"sale","11":"sold-individually","12":"shipping-taxable","13":"purchasable","14":"product-type-simple"},"_links":{"self":[{"href":"https:\/\/leandro.leandrus.com.br\/index.php\/wp-json\/wp\/v2\/product\/241","targetHints":{"allow":["GET"]}}],"collection":[{"href":"https:\/\/leandro.leandrus.com.br\/index.php\/wp-json\/wp\/v2\/product"}],"about":[{"href":"https:\/\/leandro.leandrus.com.br\/index.php\/wp-json\/wp\/v2\/types\/product"}],"replies":[{"embeddable":true,"href":"https:\/\/leandro.leandrus.com.br\/index.php\/wp-json\/wp\/v2\/comments?post=241"}],"wp:featuredmedia":[{"embeddable":true,"href":"https:\/\/leandro.leandrus.com.br\/index.php\/wp-json\/wp\/v2\/media\/242"}],"wp:attachment":[{"href":"https:\/\/leandro.leandrus.com.br\/index.php\/wp-json\/wp\/v2\/media?parent=241"}],"wp:term":[{"taxonomy":"product_cat","embeddable":true,"href":"https:\/\/leandro.leandrus.com.br\/index.php\/wp-json\/wp\/v2\/product_cat?post=241"},{"taxonomy":"product_tag","embeddable":true,"href":"https:\/\/leandro.leandrus.com.br\/index.php\/wp-json\/wp\/v2\/product_tag?post=241"}],"curies":[{"name":"wp","href":"https:\/\/api.w.org\/{rel}","templated":true}]}}